{"id":8,"date":"2025-09-05T15:00:09","date_gmt":"2025-09-05T15:00:09","guid":{"rendered":"https:\/\/multiway.pe\/blog\/?page_id=8"},"modified":"2025-09-10T23:48:02","modified_gmt":"2025-09-10T23:48:02","slug":"blog","status":"publish","type":"page","link":"https:\/\/multiway.pe\/blog\/","title":{"rendered":"Noticias"},"content":{"rendered":"\t\t<div data-elementor-type=\"wp-page\" data-elementor-id=\"8\" class=\"elementor elementor-8\">\n\t\t\t\t<div class=\"elementor-element elementor-element-bff915b e-con-full e-flex e-con e-parent\" data-id=\"bff915b\" data-element_type=\"container\" data-e-type=\"container\">\n\t\t\t\t<div class=\"elementor-element elementor-element-e56f899 elementor-widget elementor-widget-xpro-post-grid\" data-id=\"e56f899\" data-element_type=\"widget\" data-e-type=\"widget\" data-settings=\"{&quot;space_between_mobile&quot;:{&quot;unit&quot;:&quot;px&quot;,&quot;size&quot;:20,&quot;sizes&quot;:[]},&quot;column_grid&quot;:&quot;4&quot;,&quot;column_grid_tablet&quot;:&quot;2&quot;,&quot;column_grid_mobile&quot;:&quot;1&quot;,&quot;image_height&quot;:{&quot;unit&quot;:&quot;px&quot;,&quot;size&quot;:&quot;&quot;,&quot;sizes&quot;:[]},&quot;image_height_tablet&quot;:{&quot;unit&quot;:&quot;px&quot;,&quot;size&quot;:&quot;&quot;,&quot;sizes&quot;:[]},&quot;image_height_mobile&quot;:{&quot;unit&quot;:&quot;px&quot;,&quot;size&quot;:&quot;&quot;,&quot;sizes&quot;:[]},&quot;space_between&quot;:{&quot;unit&quot;:&quot;px&quot;,&quot;size&quot;:15,&quot;sizes&quot;:[]},&quot;space_between_tablet&quot;:{&quot;unit&quot;:&quot;px&quot;,&quot;size&quot;:15,&quot;sizes&quot;:[]},&quot;content_height&quot;:{&quot;unit&quot;:&quot;px&quot;,&quot;size&quot;:&quot;&quot;,&quot;sizes&quot;:[]},&quot;content_height_tablet&quot;:{&quot;unit&quot;:&quot;px&quot;,&quot;size&quot;:&quot;&quot;,&quot;sizes&quot;:[]},&quot;content_height_mobile&quot;:{&quot;unit&quot;:&quot;px&quot;,&quot;size&quot;:&quot;&quot;,&quot;sizes&quot;:[]}}\" data-widget_type=\"xpro-post-grid.default\">\n\t\t\t\t\t\n\t\t<div class=\"xpro-post-grid-wrapper xpro-post-grid-layout-7\">\n\n\t\t\t\n\t\t\t\t<div class=\"xpro-post-grid-main cbp\">\n\n\t\t\t\t\t\n<div class=\"cbp-item xpro-post-grid-item\">\n\t\t\t<div class=\"xpro-post-grid-image\">\n\t\t\t<img fetchpriority=\"high\" decoding=\"async\" width=\"300\" height=\"200\" src=\"https:\/\/multiway.pe\/blog\/wp-content\/uploads\/2026\/01\/WhatsApp-Image-2026-01-22-at-4.02.30-PM-300x200.jpeg\" class=\"attachment-medium size-medium\" alt=\"\" srcset=\"https:\/\/multiway.pe\/blog\/wp-content\/uploads\/2026\/01\/WhatsApp-Image-2026-01-22-at-4.02.30-PM-300x200.jpeg 300w, https:\/\/multiway.pe\/blog\/wp-content\/uploads\/2026\/01\/WhatsApp-Image-2026-01-22-at-4.02.30-PM-1024x683.jpeg 1024w, https:\/\/multiway.pe\/blog\/wp-content\/uploads\/2026\/01\/WhatsApp-Image-2026-01-22-at-4.02.30-PM-768x512.jpeg 768w, https:\/\/multiway.pe\/blog\/wp-content\/uploads\/2026\/01\/WhatsApp-Image-2026-01-22-at-4.02.30-PM-1536x1024.jpeg 1536w, https:\/\/multiway.pe\/blog\/wp-content\/uploads\/2026\/01\/WhatsApp-Image-2026-01-22-at-4.02.30-PM.jpeg 1599w\" sizes=\"(max-width: 300px) 100vw, 300px\" \/>\t\t\t\t\t<\/div>\n\t\n\t<div class=\"xpro-post-grid-content\">\n\n\t\t\n\t\t\n\t\t<a href=\"https:\/\/multiway.pe\/blog\/ferreyros-logra-certificacion-de-clase-mundial-en-su-taller-de-componentes-electricos-en-la-joya-arequipa\/\">\n\t\t\t<h2 class=\"xpro-post-grid-title\">Ferreyros logra certificaci\u00f3n de clase mundial en su taller de componentes el\u00e9ctricos en La Joya, Arequipa<\/h2>\n\t\t<\/a>\n\n\t\t\n\t\t\t\t\t\t\n\t\t\t\t\t<ul class=\"xpro-post-grid-meta-list\">\n\t\t\t\t\t\t\t\t\t\t\t\t\t\t\t<li class=\"xpro-post-grid-meta-date\">\n\t\t\t\t\t\t\t<i aria-hidden=\"true\" class=\"far fa-calendar\"><\/i>\t\t\t\t\t\t\tnoviembre 20, 2025\t\t\t\t\t\t<\/li>\n\t\t\t\t\t\t\t\t\t\t\t\t\t\t\t\n\t\t\t\t\t\t\t<\/ul>\n\t\t\n\t<\/div>\n<\/div>\n\n<div class=\"cbp-item xpro-post-grid-item\">\n\t\t\t<div class=\"xpro-post-grid-image\">\n\t\t\t<img decoding=\"async\" width=\"300\" height=\"200\" src=\"https:\/\/multiway.pe\/blog\/wp-content\/uploads\/2026\/01\/WhatsApp-Image-2026-01-22-at-11.18.50-AM-300x200.jpeg\" class=\"attachment-medium size-medium\" alt=\"\" srcset=\"https:\/\/multiway.pe\/blog\/wp-content\/uploads\/2026\/01\/WhatsApp-Image-2026-01-22-at-11.18.50-AM-300x200.jpeg 300w, https:\/\/multiway.pe\/blog\/wp-content\/uploads\/2026\/01\/WhatsApp-Image-2026-01-22-at-11.18.50-AM-1024x683.jpeg 1024w, https:\/\/multiway.pe\/blog\/wp-content\/uploads\/2026\/01\/WhatsApp-Image-2026-01-22-at-11.18.50-AM-768x512.jpeg 768w, https:\/\/multiway.pe\/blog\/wp-content\/uploads\/2026\/01\/WhatsApp-Image-2026-01-22-at-11.18.50-AM.jpeg 1026w\" sizes=\"(max-width: 300px) 100vw, 300px\" \/>\t\t\t\t\t<\/div>\n\t\n\t<div class=\"xpro-post-grid-content\">\n\n\t\t\n\t\t\n\t\t<a href=\"https:\/\/multiway.pe\/blog\/komatsu-mitsui-lidera-el-mercado-de-camiones-mineros-con-una-participacion-del-68\/\">\n\t\t\t<h2 class=\"xpro-post-grid-title\">Komatsu-Mitsui lidera el mercado de camiones mineros con una participaci\u00f3n del 68%<\/h2>\n\t\t<\/a>\n\n\t\t\n\t\t\t\t\t\t\n\t\t\t\t\t<ul class=\"xpro-post-grid-meta-list\">\n\t\t\t\t\t\t\t\t\t\t\t\t\t\t\t<li class=\"xpro-post-grid-meta-date\">\n\t\t\t\t\t\t\t<i aria-hidden=\"true\" class=\"far fa-calendar\"><\/i>\t\t\t\t\t\t\tnoviembre 13, 2025\t\t\t\t\t\t<\/li>\n\t\t\t\t\t\t\t\t\t\t\t\t\t\t\t\n\t\t\t\t\t\t\t<\/ul>\n\t\t\n\t<\/div>\n<\/div>\n\n<div class=\"cbp-item xpro-post-grid-item\">\n\t\t\t<div class=\"xpro-post-grid-image\">\n\t\t\t<img decoding=\"async\" width=\"300\" height=\"200\" src=\"https:\/\/multiway.pe\/blog\/wp-content\/uploads\/2025\/11\/WhatsApp-Image-2026-01-22-at-11.18.28-AM-300x200.jpeg\" class=\"attachment-medium size-medium\" alt=\"\" srcset=\"https:\/\/multiway.pe\/blog\/wp-content\/uploads\/2025\/11\/WhatsApp-Image-2026-01-22-at-11.18.28-AM-300x200.jpeg 300w, https:\/\/multiway.pe\/blog\/wp-content\/uploads\/2025\/11\/WhatsApp-Image-2026-01-22-at-11.18.28-AM-1024x683.jpeg 1024w, https:\/\/multiway.pe\/blog\/wp-content\/uploads\/2025\/11\/WhatsApp-Image-2026-01-22-at-11.18.28-AM-768x512.jpeg 768w, https:\/\/multiway.pe\/blog\/wp-content\/uploads\/2025\/11\/WhatsApp-Image-2026-01-22-at-11.18.28-AM-1536x1024.jpeg 1536w, https:\/\/multiway.pe\/blog\/wp-content\/uploads\/2025\/11\/WhatsApp-Image-2026-01-22-at-11.18.28-AM.jpeg 1600w\" sizes=\"(max-width: 300px) 100vw, 300px\" \/>\t\t\t\t\t<\/div>\n\t\n\t<div class=\"xpro-post-grid-content\">\n\n\t\t\n\t\t\n\t\t<a href=\"https:\/\/multiway.pe\/blog\/estudiar-ingles-en-modalidad-virtual-flexibilidad-y-recursos-digitales-al-alcance-de-todos\/\">\n\t\t\t<h2 class=\"xpro-post-grid-title\">Estudiar ingl\u00e9s en modalidad virtual: flexibilidad y recursos digitales al alcance de todos<\/h2>\n\t\t<\/a>\n\n\t\t\n\t\t\t\t\t\t\n\t\t\t\t\t<ul class=\"xpro-post-grid-meta-list\">\n\t\t\t\t\t\t\t\t\t\t\t\t\t\t\t<li class=\"xpro-post-grid-meta-date\">\n\t\t\t\t\t\t\t<i aria-hidden=\"true\" class=\"far fa-calendar\"><\/i>\t\t\t\t\t\t\tnoviembre 6, 2025\t\t\t\t\t\t<\/li>\n\t\t\t\t\t\t\t\t\t\t\t\t\t\t\t\n\t\t\t\t\t\t\t<\/ul>\n\t\t\n\t<\/div>\n<\/div>\n\n<div class=\"cbp-item xpro-post-grid-item\">\n\t\t\t<div class=\"xpro-post-grid-image\">\n\t\t\t<img loading=\"lazy\" decoding=\"async\" width=\"300\" height=\"256\" src=\"https:\/\/multiway.pe\/blog\/wp-content\/uploads\/2026\/01\/WhatsApp-Image-2026-01-22-at-10.14.29-AM-300x256.jpeg\" class=\"attachment-medium size-medium\" alt=\"\" srcset=\"https:\/\/multiway.pe\/blog\/wp-content\/uploads\/2026\/01\/WhatsApp-Image-2026-01-22-at-10.14.29-AM-300x256.jpeg 300w, https:\/\/multiway.pe\/blog\/wp-content\/uploads\/2026\/01\/WhatsApp-Image-2026-01-22-at-10.14.29-AM.jpeg 687w\" sizes=\"(max-width: 300px) 100vw, 300px\" \/>\t\t\t\t\t<\/div>\n\t\n\t<div class=\"xpro-post-grid-content\">\n\n\t\t\n\t\t\n\t\t<a href=\"https:\/\/multiway.pe\/blog\/pueblo-paladar-llego-a-su-quinta-edicion-en-arequipa-con-una-experiencia-gastronomica-costarricense\/\">\n\t\t\t<h2 class=\"xpro-post-grid-title\">\u201cPueblo Paladar\u201d lleg\u00f3 a su quinta edici\u00f3n en Arequipa con una experiencia gastron\u00f3mica costarricense<\/h2>\n\t\t<\/a>\n\n\t\t\n\t\t\t\t\t\t\n\t\t\t\t\t<ul class=\"xpro-post-grid-meta-list\">\n\t\t\t\t\t\t\t\t\t\t\t\t\t\t\t<li class=\"xpro-post-grid-meta-date\">\n\t\t\t\t\t\t\t<i aria-hidden=\"true\" class=\"far fa-calendar\"><\/i>\t\t\t\t\t\t\toctubre 31, 2025\t\t\t\t\t\t<\/li>\n\t\t\t\t\t\t\t\t\t\t\t\t\t\t\t\n\t\t\t\t\t\t\t<\/ul>\n\t\t\n\t<\/div>\n<\/div>\n\n<div class=\"cbp-item xpro-post-grid-item\">\n\t\t\t<div class=\"xpro-post-grid-image\">\n\t\t\t<img loading=\"lazy\" decoding=\"async\" width=\"300\" height=\"204\" src=\"https:\/\/multiway.pe\/blog\/wp-content\/uploads\/2026\/01\/WhatsApp-Image-2026-01-19-at-3.54.30-PM-300x204.jpeg\" class=\"attachment-medium size-medium\" alt=\"\" srcset=\"https:\/\/multiway.pe\/blog\/wp-content\/uploads\/2026\/01\/WhatsApp-Image-2026-01-19-at-3.54.30-PM-300x204.jpeg 300w, https:\/\/multiway.pe\/blog\/wp-content\/uploads\/2026\/01\/WhatsApp-Image-2026-01-19-at-3.54.30-PM-768x523.jpeg 768w, https:\/\/multiway.pe\/blog\/wp-content\/uploads\/2026\/01\/WhatsApp-Image-2026-01-19-at-3.54.30-PM.jpeg 918w\" sizes=\"(max-width: 300px) 100vw, 300px\" \/>\t\t\t\t\t<\/div>\n\t\n\t<div class=\"xpro-post-grid-content\">\n\n\t\t\n\t\t\n\t\t<a href=\"https:\/\/multiway.pe\/blog\/cortes-rendidores-y-nutritivos-se-consolidan-como-aliados-del-presupuesto-familiar-en-arequipa\/\">\n\t\t\t<h2 class=\"xpro-post-grid-title\">Cortes rendidores y nutritivos se consolidan como aliados del presupuesto familiar en Arequipa<\/h2>\n\t\t<\/a>\n\n\t\t\n\t\t\t\t\t\t\n\t\t\t\t\t<ul class=\"xpro-post-grid-meta-list\">\n\t\t\t\t\t\t\t\t\t\t\t\t\t\t\t<li class=\"xpro-post-grid-meta-date\">\n\t\t\t\t\t\t\t<i aria-hidden=\"true\" class=\"far fa-calendar\"><\/i>\t\t\t\t\t\t\toctubre 24, 2025\t\t\t\t\t\t<\/li>\n\t\t\t\t\t\t\t\t\t\t\t\t\t\t\t\n\t\t\t\t\t\t\t<\/ul>\n\t\t\n\t<\/div>\n<\/div>\n\n<div class=\"cbp-item xpro-post-grid-item\">\n\t\t\t<div class=\"xpro-post-grid-image\">\n\t\t\t<img loading=\"lazy\" decoding=\"async\" width=\"300\" height=\"169\" src=\"https:\/\/multiway.pe\/blog\/wp-content\/uploads\/2026\/01\/WhatsApp-Image-2026-01-19-at-3.50.59-PM-300x169.jpeg\" class=\"attachment-medium size-medium\" alt=\"\" srcset=\"https:\/\/multiway.pe\/blog\/wp-content\/uploads\/2026\/01\/WhatsApp-Image-2026-01-19-at-3.50.59-PM-300x169.jpeg 300w, https:\/\/multiway.pe\/blog\/wp-content\/uploads\/2026\/01\/WhatsApp-Image-2026-01-19-at-3.50.59-PM-1024x576.jpeg 1024w, https:\/\/multiway.pe\/blog\/wp-content\/uploads\/2026\/01\/WhatsApp-Image-2026-01-19-at-3.50.59-PM-768x432.jpeg 768w, https:\/\/multiway.pe\/blog\/wp-content\/uploads\/2026\/01\/WhatsApp-Image-2026-01-19-at-3.50.59-PM-1536x864.jpeg 1536w, https:\/\/multiway.pe\/blog\/wp-content\/uploads\/2026\/01\/WhatsApp-Image-2026-01-19-at-3.50.59-PM.jpeg 1599w\" sizes=\"(max-width: 300px) 100vw, 300px\" \/>\t\t\t\t\t<\/div>\n\t\n\t<div class=\"xpro-post-grid-content\">\n\n\t\t\n\t\t\n\t\t<a href=\"https:\/\/multiway.pe\/blog\/villa-neem-el-primer-proyecto-inmobiliario-con-huertos-organicos-para-una-vida-saludable\/\">\n\t\t\t<h2 class=\"xpro-post-grid-title\">Villa Neem, el primer proyecto inmobiliario con huertos org\u00e1nicos para una vida saludable<\/h2>\n\t\t<\/a>\n\n\t\t\n\t\t\t\t\t\t\n\t\t\t\t\t<ul class=\"xpro-post-grid-meta-list\">\n\t\t\t\t\t\t\t\t\t\t\t\t\t\t\t<li class=\"xpro-post-grid-meta-date\">\n\t\t\t\t\t\t\t<i aria-hidden=\"true\" class=\"far fa-calendar\"><\/i>\t\t\t\t\t\t\toctubre 17, 2025\t\t\t\t\t\t<\/li>\n\t\t\t\t\t\t\t\t\t\t\t\t\t\t\t\n\t\t\t\t\t\t\t<\/ul>\n\t\t\n\t<\/div>\n<\/div>\n\n<div class=\"cbp-item xpro-post-grid-item\">\n\t\t\t<div class=\"xpro-post-grid-image\">\n\t\t\t<img loading=\"lazy\" decoding=\"async\" width=\"300\" height=\"225\" src=\"https:\/\/multiway.pe\/blog\/wp-content\/uploads\/2026\/01\/WhatsApp-Image-2026-01-19-at-3.47.11-PM-1-300x225.jpeg\" class=\"attachment-medium size-medium\" alt=\"\" srcset=\"https:\/\/multiway.pe\/blog\/wp-content\/uploads\/2026\/01\/WhatsApp-Image-2026-01-19-at-3.47.11-PM-1-300x225.jpeg 300w, https:\/\/multiway.pe\/blog\/wp-content\/uploads\/2026\/01\/WhatsApp-Image-2026-01-19-at-3.47.11-PM-1-1024x768.jpeg 1024w, https:\/\/multiway.pe\/blog\/wp-content\/uploads\/2026\/01\/WhatsApp-Image-2026-01-19-at-3.47.11-PM-1-768x576.jpeg 768w, https:\/\/multiway.pe\/blog\/wp-content\/uploads\/2026\/01\/WhatsApp-Image-2026-01-19-at-3.47.11-PM-1-1536x1152.jpeg 1536w, https:\/\/multiway.pe\/blog\/wp-content\/uploads\/2026\/01\/WhatsApp-Image-2026-01-19-at-3.47.11-PM-1.jpeg 1600w\" sizes=\"(max-width: 300px) 100vw, 300px\" \/>\t\t\t\t\t<\/div>\n\t\n\t<div class=\"xpro-post-grid-content\">\n\n\t\t\n\t\t\n\t\t<a href=\"https:\/\/multiway.pe\/blog\/en-tiempos-de-alta-exigencia-aura-impulsa-una-planificacion-que-cuida-la-salud-mental\/\">\n\t\t\t<h2 class=\"xpro-post-grid-title\">En tiempos de alta exigencia, AURA impulsa una planificaci\u00f3n que cuida la salud mental<\/h2>\n\t\t<\/a>\n\n\t\t\n\t\t\t\t\t\t\n\t\t\t\t\t<ul class=\"xpro-post-grid-meta-list\">\n\t\t\t\t\t\t\t\t\t\t\t\t\t\t\t<li class=\"xpro-post-grid-meta-date\">\n\t\t\t\t\t\t\t<i aria-hidden=\"true\" class=\"far fa-calendar\"><\/i>\t\t\t\t\t\t\toctubre 10, 2025\t\t\t\t\t\t<\/li>\n\t\t\t\t\t\t\t\t\t\t\t\t\t\t\t\n\t\t\t\t\t\t\t<\/ul>\n\t\t\n\t<\/div>\n<\/div>\n\n<div class=\"cbp-item xpro-post-grid-item\">\n\t\t\t<div class=\"xpro-post-grid-image\">\n\t\t\t<img loading=\"lazy\" decoding=\"async\" width=\"300\" height=\"172\" src=\"https:\/\/multiway.pe\/blog\/wp-content\/uploads\/2025\/09\/Virus-300x172.jpg\" class=\"attachment-medium size-medium\" alt=\"\" srcset=\"https:\/\/multiway.pe\/blog\/wp-content\/uploads\/2025\/09\/Virus-300x172.jpg 300w, https:\/\/multiway.pe\/blog\/wp-content\/uploads\/2025\/09\/Virus-1024x586.jpg 1024w, https:\/\/multiway.pe\/blog\/wp-content\/uploads\/2025\/09\/Virus-768x439.jpg 768w, https:\/\/multiway.pe\/blog\/wp-content\/uploads\/2025\/09\/Virus.jpg 1096w\" sizes=\"(max-width: 300px) 100vw, 300px\" \/>\t\t\t\t\t<\/div>\n\t\n\t<div class=\"xpro-post-grid-content\">\n\n\t\t\n\t\t\n\t\t<a href=\"https:\/\/multiway.pe\/blog\/5-senales-de-que-tu-cuenta-ha-sido-hackeada-y-como-protegerte\/\">\n\t\t\t<h2 class=\"xpro-post-grid-title\">5 se\u00f1ales de que tu cuenta ha sido hackeada y c\u00f3mo protegerte<\/h2>\n\t\t<\/a>\n\n\t\t\n\t\t\t\t\t\t\n\t\t\t\t\t<ul class=\"xpro-post-grid-meta-list\">\n\t\t\t\t\t\t\t\t\t\t\t\t\t\t\t<li class=\"xpro-post-grid-meta-date\">\n\t\t\t\t\t\t\t<i aria-hidden=\"true\" class=\"far fa-calendar\"><\/i>\t\t\t\t\t\t\tseptiembre 12, 2025\t\t\t\t\t\t<\/li>\n\t\t\t\t\t\t\t\t\t\t\t\t\t\t\t\n\t\t\t\t\t\t\t<\/ul>\n\t\t\n\t<\/div>\n<\/div>\n\n\t\t\t\t<\/div>\n\n\t\t\t\t\n\t\t\t\t\t<nav class=\"xpro-elementor-post-pagination\" role=\"navigation\"\n\t\t\t\t\t\t aria-label=\"Pagination\">\n\t\t\t\t\t\t<span aria-current=\"page\" class=\"page-numbers current\">1<\/span>\n<a class=\"page-numbers\" href=\"https:\/\/multiway.pe\/blog\/wp-json\/wp\/v2\/pages\/8\/page\/2\/\">2<\/a>\n<a class=\"page-numbers\" href=\"https:\/\/multiway.pe\/blog\/wp-json\/wp\/v2\/pages\/8\/page\/3\/\">3<\/a>\n<a class=\"page-numbers\" href=\"https:\/\/multiway.pe\/blog\/wp-json\/wp\/v2\/pages\/8\/page\/4\/\">4<\/a>\n<a class=\"next page-numbers\" href=\"https:\/\/multiway.pe\/blog\/wp-json\/wp\/v2\/pages\/8\/page\/2\/\"><span class=\"xpro-elementor-post-pagination-next-text\">Sig<\/span><i class=\"fasfa-arrow-circle-right\"><\/i><\/a>\t\t\t\t\t<\/nav>\n\n\t\t\t\t\t\n\t\t<\/div>\n\n\t\t\t\t\t\t<\/div>\n\t\t\t\t<\/div>\n\t\t\t\t<\/div>\n\t\t","protected":false},"excerpt":{"rendered":"<p>Carnes importadas y nacionales: \u00bfcu\u00e1l elegir y por qu\u00e9? septiembre 10, 2025 Cementos Yura impulsa desarrollo urbano en Arequipa con nuevas obras por impuestos en Cerro Colorado y Socabaya septiembre 10, 2025 Inici\u00f3 la XVIII convocatoria para los premios Carlos Slim en salud septiembre 10, 2025 El Ministerio de Cultura, a trav\u00e9s de la Direcci\u00f3n [&hellip;]<\/p>\n","protected":false},"author":1,"featured_media":0,"parent":0,"menu_order":0,"comment_status":"closed","ping_status":"closed","template":"","meta":{"footnotes":""},"class_list":["post-8","page","type-page","status-publish","hentry"],"_links":{"self":[{"href":"https:\/\/multiway.pe\/blog\/wp-json\/wp\/v2\/pages\/8","targetHints":{"allow":["GET"]}}],"collection":[{"href":"https:\/\/multiway.pe\/blog\/wp-json\/wp\/v2\/pages"}],"about":[{"href":"https:\/\/multiway.pe\/blog\/wp-json\/wp\/v2\/types\/page"}],"author":[{"embeddable":true,"href":"https:\/\/multiway.pe\/blog\/wp-json\/wp\/v2\/users\/1"}],"replies":[{"embeddable":true,"href":"https:\/\/multiway.pe\/blog\/wp-json\/wp\/v2\/comments?post=8"}],"version-history":[{"count":37,"href":"https:\/\/multiway.pe\/blog\/wp-json\/wp\/v2\/pages\/8\/revisions"}],"predecessor-version":[{"id":275,"href":"https:\/\/multiway.pe\/blog\/wp-json\/wp\/v2\/pages\/8\/revisions\/275"}],"wp:attachment":[{"href":"https:\/\/multiway.pe\/blog\/wp-json\/wp\/v2\/media?parent=8"}],"curies":[{"name":"wp","href":"https:\/\/api.w.org\/{rel}","templated":true}]}}